{"id":336,"date":"2020-10-10T23:06:47","date_gmt":"2020-10-10T23:06:47","guid":{"rendered":"https:\/\/www.aescoladamaria.pt\/?page_id=336"},"modified":"2020-10-10T23:14:24","modified_gmt":"2020-10-10T23:14:24","slug":"pre-inscricao-creche-da-maria","status":"publish","type":"page","link":"https:\/\/www.aescoladamaria.pt\/index.php\/pre-inscricao-creche-da-maria\/","title":{"rendered":"Pr\u00e9-inscri\u00e7\u00e3o"},"content":{"rendered":"\n<div class=\"wpcf7 no-js\" id=\"wpcf7-f335-o1\" lang=\"pt-PT\" dir=\"ltr\">\n<div class=\"screen-reader-response\"><p role=\"status\" aria-live=\"polite\" aria-atomic=\"true\"><\/p> <ul><\/ul><\/div>\n<form action=\"\/index.php\/wp-json\/wp\/v2\/pages\/336#wpcf7-f335-o1\" method=\"post\" class=\"wpcf7-form init\" aria-label=\"Formul\u00e1rio de contacto\" novalidate=\"novalidate\" data-status=\"init\">\n<div style=\"display: none;\">\n<input type=\"hidden\" name=\"_wpcf7\" value=\"335\" \/>\n<input type=\"hidden\" name=\"_wpcf7_version\" value=\"5.9.5\" \/>\n<input type=\"hidden\" name=\"_wpcf7_locale\" value=\"pt_PT\" \/>\n<input type=\"hidden\" name=\"_wpcf7_unit_tag\" value=\"wpcf7-f335-o1\" \/>\n<input type=\"hidden\" name=\"_wpcf7_container_post\" value=\"0\" \/>\n<input type=\"hidden\" name=\"_wpcf7_posted_data_hash\" value=\"\" \/>\n<\/div>\n<p><label>Nome da Crian\u00e7a (obrigat\u00f3rio)<br \/>\n<span class=\"wpcf7-form-control-wrap\" data-name=\"nome-crianca\"><input size=\"40\" class=\"wpcf7-form-control wpcf7-text wpcf7-validates-as-required\" aria-required=\"true\" aria-invalid=\"false\" value=\"\" type=\"text\" name=\"nome-crianca\" \/><\/span> <\/label>\n<\/p>\n<p><label> Data de Nascimento (obrigat\u00f3rio)<br \/>\n<span class=\"wpcf7-form-control-wrap\" data-name=\"data-nascimento\"><input class=\"wpcf7-form-control wpcf7-date wpcf7-validates-as-required wpcf7-validates-as-date\" aria-required=\"true\" aria-invalid=\"false\" value=\"\" type=\"date\" name=\"data-nascimento\" \/><\/span> <\/label>\n<\/p>\n<p><label> Data de Entrada (obrigat\u00f3rio)<br \/>\n<span class=\"wpcf7-form-control-wrap\" data-name=\"data-entrada\"><input class=\"wpcf7-form-control wpcf7-date wpcf7-validates-as-required wpcf7-validates-as-date\" aria-required=\"true\" aria-invalid=\"false\" value=\"\" type=\"date\" name=\"data-entrada\" \/><\/span> <\/label>\n<\/p>\n<p><label> Encarregado de Educa\u00e7\u00e3o (obrigat\u00f3rio)<br \/>\n<span class=\"wpcf7-form-control-wrap\" data-name=\"encarregado-educacao\"><input size=\"40\" class=\"wpcf7-form-control wpcf7-text wpcf7-validates-as-required\" aria-required=\"true\" aria-invalid=\"false\" value=\"\" type=\"text\" name=\"encarregado-educacao\" \/><\/span> <\/label>\n<\/p>\n<p><label>Telefone (obrigat\u00f3rio)<br \/>\n<span class=\"wpcf7-form-control-wrap\" data-name=\"telefone\"><input size=\"40\" class=\"wpcf7-form-control wpcf7-tel wpcf7-validates-as-required wpcf7-text wpcf7-validates-as-tel\" aria-required=\"true\" aria-invalid=\"false\" value=\"\" type=\"tel\" name=\"telefone\" \/><\/span> <\/label>\n<\/p>\n<p><label>E-mail (obrigat\u00f3rio)<br \/>\n<span class=\"wpcf7-form-control-wrap\" data-name=\"email\"><input size=\"40\" class=\"wpcf7-form-control wpcf7-email wpcf7-validates-as-required wpcf7-text wpcf7-validates-as-email\" aria-required=\"true\" aria-invalid=\"false\" value=\"\" type=\"email\" name=\"email\" \/><\/span> <\/label>\n<\/p>\n<p><label>Morada (obrigat\u00f3rio)<br \/>\n<span class=\"wpcf7-form-control-wrap\" data-name=\"morada\"><input size=\"40\" class=\"wpcf7-form-control wpcf7-text wpcf7-validates-as-required\" aria-required=\"true\" aria-invalid=\"false\" value=\"\" type=\"text\" name=\"morada\" \/><\/span> <\/label>\n<\/p>\n<p><label>Outra informa\u00e7\u00e3o<br \/>\n<span class=\"wpcf7-form-control-wrap\" data-name=\"informacao\"><textarea cols=\"40\" rows=\"10\" class=\"wpcf7-form-control wpcf7-textarea\" aria-invalid=\"false\" name=\"informacao\"><\/textarea><\/span> <\/label>\n<\/p>\n<p><input class=\"wpcf7-form-control wpcf7-submit has-spinner\" type=\"submit\" value=\"Enviar\" \/>\n<\/p><p style=\"display: none !important;\" class=\"akismet-fields-container\" data-prefix=\"_wpcf7_ak_\"><label>&#916;<textarea name=\"_wpcf7_ak_hp_textarea\" cols=\"45\" rows=\"8\" maxlength=\"100\"><\/textarea><\/label><input type=\"hidden\" id=\"ak_js_1\" name=\"_wpcf7_ak_js\" value=\"123\"\/><script>document.getElementById( \"ak_js_1\" ).setAttribute( \"value\", ( new Date() ).getTime() );<\/script><\/p><div class=\"wpcf7-response-output\" aria-hidden=\"true\"><\/div>\n<\/form>\n<\/div>\n\n","protected":false},"excerpt":{"rendered":"Nome da Crian\u00e7a (obrigat\u00f3rio) Data de Nascimento (obrigat\u00f3rio) Data de Entrada (obrigat\u00f3rio) Encarregado de Educa\u00e7\u00e3o (obrigat\u00f3rio) Telefone (obrigat\u00f3rio) E-mail (obrigat\u00f3rio) Morada (obrigat\u00f3rio) Outra informa\u00e7\u00e3o &#916;document.getElementById( \"ak_js_2\"<span class=\"excerpt-hellip\"> [\u2026]<\/span>","protected":false},"author":1,"featured_media":0,"parent":0,"menu_order":0,"comment_status":"closed","ping_status":"closed","template":"","meta":{"footnotes":""},"yoast_head":"<!-- This site is optimized with the Yoast SEO plugin v22.3 - https:\/\/yoast.com\/wordpress\/plugins\/seo\/ -->\n<title>Pr\u00e9-inscri\u00e7\u00e3o - A Escola da Maria<\/title>\n<meta name=\"robots\" content=\"index, follow, max-snippet:-1, max-image-preview:large, max-video-preview:-1\" \/>\n<link rel=\"canonical\" href=\"https:\/\/www.aescoladamaria.pt\/index.php\/pre-inscricao-creche-da-maria\/\" \/>\n<meta property=\"og:locale\" content=\"pt_PT\" \/>\n<meta property=\"og:type\" content=\"article\" \/>\n<meta property=\"og:title\" content=\"Pr\u00e9-inscri\u00e7\u00e3o - A Escola da Maria\" \/>\n<meta property=\"og:url\" content=\"https:\/\/www.aescoladamaria.pt\/index.php\/pre-inscricao-creche-da-maria\/\" \/>\n<meta property=\"og:site_name\" content=\"A Escola da Maria\" \/>\n<meta property=\"article:modified_time\" content=\"2020-10-10T23:14:24+00:00\" \/>\n<meta name=\"twitter:card\" content=\"summary_large_image\" \/>\n<script type=\"application\/ld+json\" class=\"yoast-schema-graph\">{\"@context\":\"https:\/\/schema.org\",\"@graph\":[{\"@type\":\"WebPage\",\"@id\":\"https:\/\/www.aescoladamaria.pt\/index.php\/pre-inscricao-creche-da-maria\/\",\"url\":\"https:\/\/www.aescoladamaria.pt\/index.php\/pre-inscricao-creche-da-maria\/\",\"name\":\"Pr\u00e9-inscri\u00e7\u00e3o - A Escola da Maria\",\"isPartOf\":{\"@id\":\"https:\/\/www.aescoladamaria.pt\/#website\"},\"datePublished\":\"2020-10-10T23:06:47+00:00\",\"dateModified\":\"2020-10-10T23:14:24+00:00\",\"breadcrumb\":{\"@id\":\"https:\/\/www.aescoladamaria.pt\/index.php\/pre-inscricao-creche-da-maria\/#breadcrumb\"},\"inLanguage\":\"pt-PT\",\"potentialAction\":[{\"@type\":\"ReadAction\",\"target\":[\"https:\/\/www.aescoladamaria.pt\/index.php\/pre-inscricao-creche-da-maria\/\"]}]},{\"@type\":\"BreadcrumbList\",\"@id\":\"https:\/\/www.aescoladamaria.pt\/index.php\/pre-inscricao-creche-da-maria\/#breadcrumb\",\"itemListElement\":[{\"@type\":\"ListItem\",\"position\":1,\"name\":\"In\u00edcio\",\"item\":\"https:\/\/www.aescoladamaria.pt\/\"},{\"@type\":\"ListItem\",\"position\":2,\"name\":\"Pr\u00e9-inscri\u00e7\u00e3o\"}]},{\"@type\":\"WebSite\",\"@id\":\"https:\/\/www.aescoladamaria.pt\/#website\",\"url\":\"https:\/\/www.aescoladamaria.pt\/\",\"name\":\"A Escola da Maria\",\"description\":\"Um projecto de servi\u00e7os integrados para a \u00e1rea da inclus\u00e3o\",\"potentialAction\":[{\"@type\":\"SearchAction\",\"target\":{\"@type\":\"EntryPoint\",\"urlTemplate\":\"https:\/\/www.aescoladamaria.pt\/?s={search_term_string}\"},\"query-input\":\"required name=search_term_string\"}],\"inLanguage\":\"pt-PT\"}]}<\/script>\n<!-- \/ Yoast SEO plugin. -->","yoast_head_json":{"title":"Pr\u00e9-inscri\u00e7\u00e3o - A Escola da Maria","robots":{"index":"index","follow":"follow","max-snippet":"max-snippet:-1","max-image-preview":"max-image-preview:large","max-video-preview":"max-video-preview:-1"},"canonical":"https:\/\/www.aescoladamaria.pt\/index.php\/pre-inscricao-creche-da-maria\/","og_locale":"pt_PT","og_type":"article","og_title":"Pr\u00e9-inscri\u00e7\u00e3o - A Escola da Maria","og_url":"https:\/\/www.aescoladamaria.pt\/index.php\/pre-inscricao-creche-da-maria\/","og_site_name":"A Escola da Maria","article_modified_time":"2020-10-10T23:14:24+00:00","twitter_card":"summary_large_image","schema":{"@context":"https:\/\/schema.org","@graph":[{"@type":"WebPage","@id":"https:\/\/www.aescoladamaria.pt\/index.php\/pre-inscricao-creche-da-maria\/","url":"https:\/\/www.aescoladamaria.pt\/index.php\/pre-inscricao-creche-da-maria\/","name":"Pr\u00e9-inscri\u00e7\u00e3o - A Escola da Maria","isPartOf":{"@id":"https:\/\/www.aescoladamaria.pt\/#website"},"datePublished":"2020-10-10T23:06:47+00:00","dateModified":"2020-10-10T23:14:24+00:00","breadcrumb":{"@id":"https:\/\/www.aescoladamaria.pt\/index.php\/pre-inscricao-creche-da-maria\/#breadcrumb"},"inLanguage":"pt-PT","potentialAction":[{"@type":"ReadAction","target":["https:\/\/www.aescoladamaria.pt\/index.php\/pre-inscricao-creche-da-maria\/"]}]},{"@type":"BreadcrumbList","@id":"https:\/\/www.aescoladamaria.pt\/index.php\/pre-inscricao-creche-da-maria\/#breadcrumb","itemListElement":[{"@type":"ListItem","position":1,"name":"In\u00edcio","item":"https:\/\/www.aescoladamaria.pt\/"},{"@type":"ListItem","position":2,"name":"Pr\u00e9-inscri\u00e7\u00e3o"}]},{"@type":"WebSite","@id":"https:\/\/www.aescoladamaria.pt\/#website","url":"https:\/\/www.aescoladamaria.pt\/","name":"A Escola da Maria","description":"Um projecto de servi\u00e7os integrados para a \u00e1rea da inclus\u00e3o","potentialAction":[{"@type":"SearchAction","target":{"@type":"EntryPoint","urlTemplate":"https:\/\/www.aescoladamaria.pt\/?s={search_term_string}"},"query-input":"required name=search_term_string"}],"inLanguage":"pt-PT"}]}},"_links":{"self":[{"href":"https:\/\/www.aescoladamaria.pt\/index.php\/wp-json\/wp\/v2\/pages\/336"}],"collection":[{"href":"https:\/\/www.aescoladamaria.pt\/index.php\/wp-json\/wp\/v2\/pages"}],"about":[{"href":"https:\/\/www.aescoladamaria.pt\/index.php\/wp-json\/wp\/v2\/types\/page"}],"author":[{"embeddable":true,"href":"https:\/\/www.aescoladamaria.pt\/index.php\/wp-json\/wp\/v2\/users\/1"}],"replies":[{"embeddable":true,"href":"https:\/\/www.aescoladamaria.pt\/index.php\/wp-json\/wp\/v2\/comments?post=336"}],"version-history":[{"count":2,"href":"https:\/\/www.aescoladamaria.pt\/index.php\/wp-json\/wp\/v2\/pages\/336\/revisions"}],"predecessor-version":[{"id":339,"href":"https:\/\/www.aescoladamaria.pt\/index.php\/wp-json\/wp\/v2\/pages\/336\/revisions\/339"}],"wp:attachment":[{"href":"https:\/\/www.aescoladamaria.pt\/index.php\/wp-json\/wp\/v2\/media?parent=336"}],"curies":[{"name":"wp","href":"https:\/\/api.w.org\/{rel}","templated":true}]}}