{"id":432,"date":"2021-07-20T15:50:47","date_gmt":"2021-07-20T15:50:47","guid":{"rendered":"https:\/\/www.aescoladamaria.pt\/?page_id=432"},"modified":"2021-07-20T15:50:48","modified_gmt":"2021-07-20T15:50:48","slug":"clinica-pre-marcacao","status":"publish","type":"page","link":"https:\/\/www.aescoladamaria.pt\/index.php\/clinica-pre-marcacao\/","title":{"rendered":"Cl\u00ednica &#8211; Pr\u00e9-marca\u00e7\u00e3o"},"content":{"rendered":"","protected":false},"excerpt":{"rendered":"","protected":false},"author":1,"featured_media":0,"parent":0,"menu_order":0,"comment_status":"closed","ping_status":"closed","template":"","meta":{"footnotes":""},"yoast_head":"<!-- This site is optimized with the Yoast SEO plugin v22.3 - https:\/\/yoast.com\/wordpress\/plugins\/seo\/ -->\n<title>Cl\u00ednica - Pr\u00e9-marca\u00e7\u00e3o - A Escola da Maria<\/title>\n<meta name=\"robots\" content=\"index, follow, max-snippet:-1, max-image-preview:large, max-video-preview:-1\" \/>\n<link rel=\"canonical\" href=\"https:\/\/www.aescoladamaria.pt\/index.php\/clinica-pre-marcacao\/\" \/>\n<meta property=\"og:locale\" content=\"pt_PT\" \/>\n<meta property=\"og:type\" content=\"article\" \/>\n<meta property=\"og:title\" content=\"Cl\u00ednica - Pr\u00e9-marca\u00e7\u00e3o - A Escola da Maria\" \/>\n<meta property=\"og:url\" content=\"https:\/\/www.aescoladamaria.pt\/index.php\/clinica-pre-marcacao\/\" \/>\n<meta property=\"og:site_name\" content=\"A Escola da Maria\" \/>\n<meta property=\"article:modified_time\" content=\"2021-07-20T15:50:48+00:00\" \/>\n<meta name=\"twitter:card\" content=\"summary_large_image\" \/>\n<script type=\"application\/ld+json\" class=\"yoast-schema-graph\">{\"@context\":\"https:\/\/schema.org\",\"@graph\":[{\"@type\":\"WebPage\",\"@id\":\"https:\/\/www.aescoladamaria.pt\/index.php\/clinica-pre-marcacao\/\",\"url\":\"https:\/\/www.aescoladamaria.pt\/index.php\/clinica-pre-marcacao\/\",\"name\":\"Cl\u00ednica - Pr\u00e9-marca\u00e7\u00e3o - A Escola da Maria\",\"isPartOf\":{\"@id\":\"https:\/\/www.aescoladamaria.pt\/#website\"},\"datePublished\":\"2021-07-20T15:50:47+00:00\",\"dateModified\":\"2021-07-20T15:50:48+00:00\",\"breadcrumb\":{\"@id\":\"https:\/\/www.aescoladamaria.pt\/index.php\/clinica-pre-marcacao\/#breadcrumb\"},\"inLanguage\":\"pt-PT\",\"potentialAction\":[{\"@type\":\"ReadAction\",\"target\":[\"https:\/\/www.aescoladamaria.pt\/index.php\/clinica-pre-marcacao\/\"]}]},{\"@type\":\"BreadcrumbList\",\"@id\":\"https:\/\/www.aescoladamaria.pt\/index.php\/clinica-pre-marcacao\/#breadcrumb\",\"itemListElement\":[{\"@type\":\"ListItem\",\"position\":1,\"name\":\"In\u00edcio\",\"item\":\"https:\/\/www.aescoladamaria.pt\/\"},{\"@type\":\"ListItem\",\"position\":2,\"name\":\"Cl\u00ednica &#8211; Pr\u00e9-marca\u00e7\u00e3o\"}]},{\"@type\":\"WebSite\",\"@id\":\"https:\/\/www.aescoladamaria.pt\/#website\",\"url\":\"https:\/\/www.aescoladamaria.pt\/\",\"name\":\"A Escola da Maria\",\"description\":\"Um projecto de servi\u00e7os integrados para a \u00e1rea da inclus\u00e3o\",\"potentialAction\":[{\"@type\":\"SearchAction\",\"target\":{\"@type\":\"EntryPoint\",\"urlTemplate\":\"https:\/\/www.aescoladamaria.pt\/?s={search_term_string}\"},\"query-input\":\"required name=search_term_string\"}],\"inLanguage\":\"pt-PT\"}]}<\/script>\n<!-- \/ Yoast SEO plugin. -->","yoast_head_json":{"title":"Cl\u00ednica - Pr\u00e9-marca\u00e7\u00e3o - A Escola da Maria","robots":{"index":"index","follow":"follow","max-snippet":"max-snippet:-1","max-image-preview":"max-image-preview:large","max-video-preview":"max-video-preview:-1"},"canonical":"https:\/\/www.aescoladamaria.pt\/index.php\/clinica-pre-marcacao\/","og_locale":"pt_PT","og_type":"article","og_title":"Cl\u00ednica - Pr\u00e9-marca\u00e7\u00e3o - A Escola da Maria","og_url":"https:\/\/www.aescoladamaria.pt\/index.php\/clinica-pre-marcacao\/","og_site_name":"A Escola da Maria","article_modified_time":"2021-07-20T15:50:48+00:00","twitter_card":"summary_large_image","schema":{"@context":"https:\/\/schema.org","@graph":[{"@type":"WebPage","@id":"https:\/\/www.aescoladamaria.pt\/index.php\/clinica-pre-marcacao\/","url":"https:\/\/www.aescoladamaria.pt\/index.php\/clinica-pre-marcacao\/","name":"Cl\u00ednica - Pr\u00e9-marca\u00e7\u00e3o - A Escola da Maria","isPartOf":{"@id":"https:\/\/www.aescoladamaria.pt\/#website"},"datePublished":"2021-07-20T15:50:47+00:00","dateModified":"2021-07-20T15:50:48+00:00","breadcrumb":{"@id":"https:\/\/www.aescoladamaria.pt\/index.php\/clinica-pre-marcacao\/#breadcrumb"},"inLanguage":"pt-PT","potentialAction":[{"@type":"ReadAction","target":["https:\/\/www.aescoladamaria.pt\/index.php\/clinica-pre-marcacao\/"]}]},{"@type":"BreadcrumbList","@id":"https:\/\/www.aescoladamaria.pt\/index.php\/clinica-pre-marcacao\/#breadcrumb","itemListElement":[{"@type":"ListItem","position":1,"name":"In\u00edcio","item":"https:\/\/www.aescoladamaria.pt\/"},{"@type":"ListItem","position":2,"name":"Cl\u00ednica &#8211; Pr\u00e9-marca\u00e7\u00e3o"}]},{"@type":"WebSite","@id":"https:\/\/www.aescoladamaria.pt\/#website","url":"https:\/\/www.aescoladamaria.pt\/","name":"A Escola da Maria","description":"Um projecto de servi\u00e7os integrados para a \u00e1rea da inclus\u00e3o","potentialAction":[{"@type":"SearchAction","target":{"@type":"EntryPoint","urlTemplate":"https:\/\/www.aescoladamaria.pt\/?s={search_term_string}"},"query-input":"required name=search_term_string"}],"inLanguage":"pt-PT"}]}},"_links":{"self":[{"href":"https:\/\/www.aescoladamaria.pt\/index.php\/wp-json\/wp\/v2\/pages\/432"}],"collection":[{"href":"https:\/\/www.aescoladamaria.pt\/index.php\/wp-json\/wp\/v2\/pages"}],"about":[{"href":"https:\/\/www.aescoladamaria.pt\/index.php\/wp-json\/wp\/v2\/types\/page"}],"author":[{"embeddable":true,"href":"https:\/\/www.aescoladamaria.pt\/index.php\/wp-json\/wp\/v2\/users\/1"}],"replies":[{"embeddable":true,"href":"https:\/\/www.aescoladamaria.pt\/index.php\/wp-json\/wp\/v2\/comments?post=432"}],"version-history":[{"count":1,"href":"https:\/\/www.aescoladamaria.pt\/index.php\/wp-json\/wp\/v2\/pages\/432\/revisions"}],"predecessor-version":[{"id":433,"href":"https:\/\/www.aescoladamaria.pt\/index.php\/wp-json\/wp\/v2\/pages\/432\/revisions\/433"}],"wp:attachment":[{"href":"https:\/\/www.aescoladamaria.pt\/index.php\/wp-json\/wp\/v2\/media?parent=432"}],"curies":[{"name":"wp","href":"https:\/\/api.w.org\/{rel}","templated":true}]}}